{"id":3762,"date":"2020-09-29T15:01:03","date_gmt":"2020-09-29T13:01:03","guid":{"rendered":"https:\/\/ratium.com.pl\/?page_id=3762"},"modified":"2020-09-29T15:01:03","modified_gmt":"2020-09-29T13:01:03","slug":"obowiazek-informacyjny-formularz-www","status":"publish","type":"page","link":"https:\/\/ratium.com.pl\/en\/obowiazek-informacyjny-formularz-www\/","title":{"rendered":"OBOWI\u0104ZEK INFORMACYJNY \u2013 FORMULARZ WWW"},"content":{"rendered":"<p><strong>OBOWI\u0104ZEK INFORMACYJNY \u2013 FORMULARZ WWW<\/strong><\/p>\n<p><strong>\u00a0<\/strong>W trosce o bezpiecze\u0144stwo Twoich danych osobowych, a tak\u017ce\u00a0w celu zapewnienia pe\u0142nej przejrzysto\u015bci proces\u00f3w\u00a0przetwarzania Twoich danych osobowych chcieliby\u015bmy, aby\u015b wiedzia\u0142a \/ wiedzia\u0142, \u017ce:<\/p>\n<ol>\n<li>Administratorem danych osobowych jest Ratium Sp. z o.o. z siedzib\u0105 przy ul. Ptasiej 10, 60-319 Pozna\u0144.<\/li>\n<li>Podanie danych jest dobrowolne aczkolwiek konieczne do udzielenia odpowiedzi na skierowane do Ratium Sp. z o.o. zapytanie.<\/li>\n<li>Ratium Sp. z o.o. b\u0119dzie przetwarza\u0107 Twoje dane podane w formularzu www zgodnie z poni\u017cszymi informacjami:<\/li>\n<\/ol>\n<ul>\n<li>w celu udzielenia odpowiedzi na zapytania z formularza www, na podstawie art. 6 ust. 1 lit. f RODO; dane b\u0119d\u0105 przez nas przetwarzane do czasu wniesienia skutecznego sprzeciwu lub nie d\u0142u\u017cej ni\u017c 2 lata;<\/li>\n<li>w celu ochrony i zabezpieczenia si\u0119 przed roszczeniami, na podstawie na podstawie art. 6 ust. 1 lit. f RODO; dane b\u0119d\u0105 przez nas przetwarzane przez okres przedawnienia roszcze\u0144 wynikaj\u0105cy z przepis\u00f3w prawa.<\/li>\n<\/ul>\n<ol start=\"4\">\n<li>Odbiorcami Twoich danych mog\u0105 by\u0107 wy\u0142\u0105cznie podmioty przetwarzaj\u0105ce dane na podstawie zawartej z Ratium Sp. z o.o. umowy powierzenia przetwarzania danych osobowych, w szczeg\u00f3lno\u015bci dostawcy system\u00f3w informatycznych, \u015bwiadcz\u0105ce us\u0142ugi IT, us\u0142ugi doradcze, prawne, pocztowe i kurierskie.<\/li>\n<li>Twoje dane nie b\u0119d\u0105 przekazywane do pa\u0144stw trzecich ani organizacji mi\u0119dzynarodowych.<\/li>\n<li>W przypadkach i na zasadach okre\u015blonych w przepisach, przys\u0142uguje Tobie prawo \u017c\u0105dania od Administratora dost\u0119pu do swoich danych osobowych, ich sprostowania, usuni\u0119cia lub ograniczenia przetwarzania oraz prawo do przenoszenia danych.<\/li>\n<li>W przypadkach i na zasadach okre\u015blonych w przepisach, przys\u0142uguje Tobie prawo do wniesienia sprzeciwu wobec przetwarzania danych osobowych.<\/li>\n<li>Przys\u0142uguje Tobie prawo wniesienia skargi do organu nadzorczego \u2013 Prezesa Urz\u0119du Ochrony Danych Osobowych.<\/li>\n<li>W przypadku jakichkolwiek w\u0105tpliwo\u015bci zwi\u0105zanych z przetwarzaniem Twoich danych osobowych lub ch\u0119ci skorzystania z przys\u0142uguj\u0105cych praw prosimy o kontakt z inspektorem ochrony danych pod adresem e-mail: <a href=\"mailto:iod@ratium.com.pl\">iod@ratium.com.pl<\/a> lub drog\u0105 tradycyjn\u0105 na adres wskazany w punkcie 1.<\/li>\n<\/ol>\n","protected":false},"excerpt":{"rendered":"<p>OBOWI\u0104ZEK INFORMACYJNY \u2013 FORMULARZ WWW \u00a0W trosce o bezpiecze\u0144stwo Twoich danych osobowych, a tak\u017ce\u00a0w celu zapewnienia pe\u0142nej przejrzysto\u015bci proces\u00f3w\u00a0przetwarzania Twoich danych osobowych chcieliby\u015bmy, aby\u015b wiedzia\u0142a \/ wiedzia\u0142, \u017ce: Administratorem danych osobowych jest Ratium Sp. z o.o. z siedzib\u0105 przy ul&#8230;.<\/p>\n","protected":false},"author":2,"featured_media":0,"parent":0,"menu_order":0,"comment_status":"closed","ping_status":"closed","template":"","meta":{"footnotes":""},"class_list":["post-3762","page","type-page","status-publish","hentry"],"translation":{"provider":"WPGlobus","version":"3.0.2","language":"en","enabled_languages":["pl","en"],"languages":{"pl":{"title":true,"content":true,"excerpt":false},"en":{"title":false,"content":false,"excerpt":false}}},"aioseo_notices":[],"_links":{"self":[{"href":"https:\/\/ratium.com.pl\/en\/wp-json\/wp\/v2\/pages\/3762","targetHints":{"allow":["GET"]}}],"collection":[{"href":"https:\/\/ratium.com.pl\/en\/wp-json\/wp\/v2\/pages"}],"about":[{"href":"https:\/\/ratium.com.pl\/en\/wp-json\/wp\/v2\/types\/page"}],"author":[{"embeddable":true,"href":"https:\/\/ratium.com.pl\/en\/wp-json\/wp\/v2\/users\/2"}],"replies":[{"embeddable":true,"href":"https:\/\/ratium.com.pl\/en\/wp-json\/wp\/v2\/comments?post=3762"}],"version-history":[{"count":2,"href":"https:\/\/ratium.com.pl\/en\/wp-json\/wp\/v2\/pages\/3762\/revisions"}],"predecessor-version":[{"id":3778,"href":"https:\/\/ratium.com.pl\/en\/wp-json\/wp\/v2\/pages\/3762\/revisions\/3778"}],"wp:attachment":[{"href":"https:\/\/ratium.com.pl\/en\/wp-json\/wp\/v2\/media?parent=3762"}],"curies":[{"name":"wp","href":"https:\/\/api.w.org\/{rel}","templated":true}]}}