{"id":3741,"date":"2020-09-24T13:42:00","date_gmt":"2020-09-24T11:42:00","guid":{"rendered":"https:\/\/ratium.com.pl\/?page_id=3741"},"modified":"2020-09-29T13:20:42","modified_gmt":"2020-09-29T11:20:42","slug":"polityka-prywatnosci","status":"publish","type":"page","link":"https:\/\/ratium.com.pl\/en\/polityka-prywatnosci\/","title":{"rendered":"Polityka prywatno\u015bci"},"content":{"rendered":"<p><strong>Polityka Prywatno\u015bci<\/strong><\/p>\n<p>Ratium Sp. z o.o. przyk\u0142ada du\u017c\u0105 wag\u0119 do ochrony i poszanowania prywatno\u015bci. Niniejsza polityka prywatno\u015bci informuje, jak przetwarzamy dane osobowe. Dotyczy ona klient\u00f3w Ratium Sp. z o.o. oraz u\u017cytkownik\u00f3w stron internetowych, a tak\u017ce os\u00f3b ubiegaj\u0105cych si\u0119 o zatrudnienie.<\/p>\n<p><strong>\u00a0<\/strong><\/p>\n<p><strong>Administrator Danych Osobowych<\/strong><\/p>\n<p>Administratorem Twoich danych osobowych, czyli podmiotem kt\u00f3ry decyduje o celach i sposobach przetwarzania Twoich danych osobowych jest Ratium Sp. z o.o.<\/p>\n<p><strong>\u00a0<\/strong><\/p>\n<p><strong>Jak mo\u017cesz si\u0119 z nami skontaktowa\u0107 <\/strong><\/p>\n<p>Mo\u017cesz kontaktowa\u0107 si\u0119 z nami we wszystkich sprawach zwi\u0105zanych z wykorzystywaniem przez nas Twoich danych osobowych,\u00a0<strong>w tym r\u00f3wnie\u017c w zwi\u0105zku z wniesieniem sprzeciwu wobec przetwarzania\u00a0 Twoich danych osobowych<\/strong>\u00a0oraz z wykonywaniem innych przys\u0142uguj\u0105cych Tobie praw, pod adresem e-mail: <a href=\"mailto:iod@ratium.com.pl\">iod@ratium.com.pl<\/a> lub listownie na adres: ul. Ptasia 10, 60-319 Pozna\u0144 z dopiskiem \u201edane osobowe\u201d.<\/p>\n<p><strong>Poj\u0119cia u\u017cywane w niniejszej polityce prywatno\u015bci<\/strong><\/p>\n<p><strong>Dane osobowe <\/strong>\u2013 informacje o zidentyfikowanej lub mo\u017cliwej do zidentyfikowania osobie fizycznej (\u201eosobie, kt\u00f3rej dane dotycz\u0105\u201d); mo\u017cliwa do zidentyfikowania osoba fizyczna to osoba, kt\u00f3r\u0105 mo\u017cna bezpo\u015brednio lub po\u015brednio zidentyfikowa\u0107, w szczeg\u00f3lno\u015bci na podstawie identyfikatora takiego jak imi\u0119 i nazwisko, numer identyfikacyjny, dane o lokalizacji, identyfikator internetowy lub jeden b\u0105d\u017a kilka szczeg\u00f3lnych czynnik\u00f3w okre\u015blaj\u0105cych fizyczn\u0105, fizjologiczn\u0105, genetyczn\u0105, psychiczn\u0105, ekonomiczn\u0105, kulturow\u0105 lub spo\u0142eczn\u0105 to\u017csamo\u015b\u0107 osoby fizycznej.<\/p>\n<p><strong>Przetwarzanie danych osobowych<\/strong> \u2013 oznacza operacj\u0119 lub zestaw operacji wykonywanych na danych osobowych takich jak zbieranie, utrwalanie, organizowanie, porz\u0105dkowanie, przechowywanie, adaptowanie lub modyfikowanie, pobieranie, przegl\u0105danie, wykorzystywanie, ujawnianie poprzez przes\u0142anie, rozpowszechnianie lub innego rodzaju udost\u0119pnianie, dopasowywanie lub \u0142\u0105czenie, ograniczanie, usuwanie lub niszczenie.<\/p>\n<p><strong>Administrator<\/strong> \u2013 oznacza Ratium Sp. z o.o.<\/p>\n<p><strong>RODO <\/strong>\u2013 Rozporz\u0105dzenie Parlamentu Europejskiego i Rady (UE) 2016\/679 z dnia 27 kwietnia 2016r. w sprawie ochrony os\u00f3b fizycznych w zwi\u0105zku z przetwarzaniem danych osobowych i w sprawie swobodnego przep\u0142ywu takich danych oraz uchylenia dyrektywy 95\/46\/WE.<\/p>\n<p><strong>Nas <\/strong>\u2013 oznacza Ratium Sp. z o.o.<\/p>\n<p><strong>Ty, Twoje<\/strong> \u2013 osoba, kt\u00f3rej dane przetwarzane s\u0105 przez Ratium Sp. z o.o., klient, u\u017cytkownik stron internetowych lub osoba ubiegaj\u0105ca si\u0119 o zatrudnienie.<\/p>\n<p><strong>\u00a0<\/strong><\/p>\n<p><strong>Pozyskanie danych, cel i podstawy prawne ich przetwarzania<\/strong><\/p>\n<p><strong>\u00a0<\/strong><\/p>\n<p><strong>Klient lub reprezentant klienta Ratium Sp. z o.o.<\/strong><\/p>\n<p>Twoje dane osobowe pozyskali\u015bmy od Ciebie w procesie zmierzaj\u0105cym do zawarcia umowy. Je\u015bli jeste\u015b osob\u0105 wskazan\u0105 przez swojego pracodawc\u0119 do realizacji umowy podpisanej z nami w\u00f3wczas \u017ar\u00f3d\u0142em pozyskania Twoich danych s\u0105 strony umowy lub osoby przez nie upowa\u017cnione do ich przekazania w celu realizacji tej umowy.<\/p>\n<p>Twoje dane osobowe mog\u0105 by\u0107 przetwarzane przez nas w nast\u0119puj\u0105cych celach w oparciu o wskazane poni\u017cej podstawy prawne:<\/p>\n<p>&#8211; nawi\u0105zywanie i utrzymywanie relacji handlowych, na podstawie art. 6 ust. 1 lit. f RODO<\/p>\n<p>&#8211; zawarcie i wykonanie umowy, na podstawie art. 6 ust. 1 lit. b, f RODO<\/p>\n<p>&#8211; rejestracja korespondencji i udzielanie odpowiedzi, na podstawie art. 6 ust. 1 lit. f RODO<\/p>\n<p>&#8211; rozpatrywanie reklamacji, na podstawie art. 6 ust. 1 lit. b, f RODO<\/p>\n<p>&#8211; prowadzenia dokumentacji ksi\u0119gowo-podatkowej, na podstawie art. 6 ust. 1 lit. c RODO<\/p>\n<p>&#8211; \u015bci\u0105ganie nale\u017cno\u015bci, na podstawie art. 6 ust. 1 lit. f RODO<\/p>\n<p>&#8211; ustalenie, obrona i dochodzenie roszcze\u0144, na podstawie art. 6 ust. 1 lit. f RODO<\/p>\n<p>&#8211; marketing us\u0142ug w\u0142asnych, na podstawie art. 6 ust. 1 lit. f RODO<\/p>\n<p>&#8211; marketing us\u0142ug partner\u00f3w, na podstawie art. 6 ust. 1 lit. f RODO<\/p>\n<p>&#8211; archiwizacja danych i dokument\u00f3w, na podstawie art. 6 ust. 1 lit. f RODO<\/p>\n<p><strong>Potencjalny klient Ratium Sp. z o.o.<\/strong><\/p>\n<p>Twoje dane osobowe pozyskali\u015bmy od Ciebie w trakcie spotkania lub wys\u0142ania do nas zapytania ofertowego. \u0179r\u00f3d\u0142em pozyskania Twoich danych, w przypadku gdy nie otrzymali\u015bmy ich od Ciebie jest\u00a0 strona internetowa firmy, social media lub kontakt przekazany przez innego klienta.<\/p>\n<p>Twoje dane osobowe mog\u0105 by\u0107 przetwarzane przez nas w nast\u0119puj\u0105cych celach w oparciu o wskazane poni\u017cej podstawy prawne:<\/p>\n<p>&#8211; przygotowanie i przedstawienie oferty, na podstawie art. 6 ust. 1 lit. f RODO<\/p>\n<p>&#8211; rejestracja korespondencji, udzielanie odpowiedzi na zapytania, na podstawie art. 6 ust. 1 lit. f RODO<\/p>\n<p>&#8211; marketing us\u0142ug w\u0142asnych, na podstawie art. 6 ust. 1 lit. f RODO<\/p>\n<p>&#8211; marketing us\u0142ug partner\u00f3w, na podstawie art. 6 ust. 1 lit. f RODO<\/p>\n<p>&#8211; archiwizacja danych i dokument\u00f3w, na podstawie art. 6 ust. 1 lit. f RODO<\/p>\n<p><strong>Dostawca lub reprezentant dostawcy, osoba wsp\u00f3\u0142pracuj\u0105ca z Ratium Sp. z o.o.<\/strong><\/p>\n<p>Twoje dane osobowe pozyskali\u015bmy od Ciebie w procesie zmierzaj\u0105cym do realizacji zam\u00f3wienia\/ dostawy. Je\u015bli jeste\u015b osob\u0105 wskazan\u0105 przez swojego pracodawc\u0119 do realizacji dostawy z nami w\u00f3wczas \u017ar\u00f3d\u0142em pozyskania Twoich danych jest Tw\u00f3j pracodawca lub osoby przez nie upowa\u017cnione do ich przekazania w celu realizacji zam\u00f3wienia\/ dostawy.<\/p>\n<p>Twoje dane osobowe mog\u0105 by\u0107 przetwarzane przez nas w nast\u0119puj\u0105cych celach w oparciu o wskazane poni\u017cej podstawy prawne:<\/p>\n<p>&#8211; nawi\u0105zywanie i utrzymywanie relacji handlowych, na podstawie art. 6 ust. 1 lit. f RODO<\/p>\n<p>&#8211; zawarcie i wykonanie umowy\/ realizacja zlecenia\/ dostawy, na podstawie art. 6 ust. 1 lit. b, f RODO<\/p>\n<p>&#8211; sk\u0142adanie zapyta\u0144, na podstawie art. 6 ust. 1 lit. f RODO<\/p>\n<p>&#8211; sk\u0142adanie reklamacji, na podstawie art. 6 ust. 1 lit. c, f RODO<\/p>\n<p>&#8211; prowadzenia dokumentacji ksi\u0119gowo-podatkowej, na podstawie art. 6 ust. 1 lit. c RODO<\/p>\n<p>&#8211; ustalenie, obrona i dochodzenie roszcze\u0144, na podstawie art. 6 ust. 1 lit. f RODO<\/p>\n<p>&#8211; archiwizacja danych i dokument\u00f3w, na podstawie art. 6 ust. 1 lit. f RODO<\/p>\n<p><strong>Kandydat ubiegaj\u0105cy si\u0119 o zatrudnienie w Ratium Sp. z o.o.<\/strong><\/p>\n<p>Twoje dane osobowe pozyskali\u015bmy od Ciebie w procesie rekrutacji.<\/p>\n<p>Twoje dane osobowe mog\u0105 by\u0107 przetwarzane przez nas w nast\u0119puj\u0105cych celach w oparciu o wskazane poni\u017cej podstawy prawne:<\/p>\n<p>&#8211; nawi\u0105zanie kontaktu w zwi\u0105zku z prowadzon\u0105 rekrutacj\u0105, na podstawie art. 6 ust. 1 lit. a RODO<\/p>\n<p>&#8211; wyb\u00f3r kandydata do pracy, na podstawie art. 6 ust. 1 lit. a, c, f RODO<\/p>\n<p>&#8211; ustalenie, obrona i dochodzenie roszcze\u0144, na podstawie art. 6 ust. 1 lit. f RODO<\/p>\n<p><strong>Pracownik lub wsp\u00f3\u0142pracownik Ratium Sp. z o.o.<\/strong><\/p>\n<p>Twoje dane osobowe pozyskali\u015bmy od Ciebie w procesie zmierzaj\u0105cym do zawarcia umowy oraz w nast\u0119pstwie jej zawarcia i realizacji.<\/p>\n<p>Twoje dane osobowe mog\u0105 by\u0107 przez nas przetwarzane w nast\u0119puj\u0105cych celach w oparciu o wskazane poni\u017cej podstawy prawne:<\/p>\n<p>&#8211; realizacja zobowi\u0105za\u0144 pracodawcy wynikaj\u0105cych ze stosunku pracy, na podstawie art. 6 ust. 1 lit. b RODO<\/p>\n<p>&#8211; realizacja obowi\u0105zk\u00f3w prawnych przez pracodawc\u0119, na podstawie art. 6 ust. 1 lit. c RODO<\/p>\n<p>&#8211; zg\u0142oszenie os\u00f3b do ubezpieczenia spo\u0142ecznego, na podstawie art. 6 ust. 1 lit. c RODO<\/p>\n<p>&#8211; prowadzenie dokumentacji ksi\u0119gowo-podatkowej, na podstawie art. 6 ust. 1 lit. c RODO<\/p>\n<p>&#8211; zapewnienie dost\u0119pu do benefit\u00f3w, na podstawie art. 6 ust. 1 lit. f RODO<\/p>\n<p>&#8211; zapewnienie w\u0142a\u015bciwej organizacji pracy, na podstawie art. 6 ust. 1 lit. f RODO<\/p>\n<p>&#8211; dost\u0119p do informacji, obiektu oraz infrastruktury technicznej, na podstawie art. 6 ust. 1 lit. c, f RODO<\/p>\n<p>&#8211; Reprezentowania pracodawcy przed organami publicznymi lub innymi podmiotami, na podstawie art. 6 ust. 1 lit. f RODO<\/p>\n<p>&#8211; podnoszenie kwalifikacji zawodowych, na podstawie art. 6 ust. 1 lit. f RODO<\/p>\n<p>&#8211; zapewnienie organizacji pracy umo\u017cliwiaj\u0105cej pe\u0142ne wykorzystanie czasu pracy oraz w\u0142a\u015bciwego u\u017cytkowania udost\u0119pnionych narz\u0119dzi, na podstawie art. 6 ust. 1 lit. f RODO<\/p>\n<p>&#8211; udzielanie odpowiedzi na pisma, wnioski, \u017c\u0105dania, na podstawie art. 6 ust. 1 lit. f RODO<\/p>\n<p>&#8211; ustalenie, obrona i dochodzenie roszcze\u0144, na podstawie art. 6 ust. 1 lit. f RODO<\/p>\n<p>&#8211; archiwizacja danych i dokument\u00f3w, na podstawie art. 6 ust. 1 lit. f RODO<\/p>\n<p><strong>\u00a0<\/strong><\/p>\n<p><strong>Osoba wnosz\u0105ca skarg\u0119, zapytanie, \u017c\u0105danie realizacji praw<\/strong><\/p>\n<p>Twoje dane osobowe pozyskali\u015bmy od Ciebie w skutek wys\u0142ania do nas zapytania, skargi lub wniesienia \u017c\u0105dania realizacji praw Tobie przys\u0142uguj\u0105cych.<\/p>\n<p>Twoje dane osobowe mog\u0105 by\u0107 przez nas przetwarzane w nast\u0119puj\u0105cych celach w oparciu o wskazane poni\u017cej podstawy prawne:<\/p>\n<p>&#8211; rozpatrzenie i udzielenie odpowiedzi na zg\u0142oszone zapytanie, wniesion\u0105 skarg\u0119 lub z\u0142o\u017cone \u017c\u0105danie realizacji praw, na podstawie art. 6 ust. 1 lit. c RODO<\/p>\n<p><strong>\u00a0<\/strong><\/p>\n<p><strong>U\u017cytkownik stron internetowych<\/strong><\/p>\n<p>W zwi\u0105zku z prowadzeniem stron internetowych Twoje dane osobowe mog\u0105 by\u0107 przez nas przetwarzane w nast\u0119puj\u0105cych celach w oparciu o wskazane poni\u017cej podstawy prawne:<\/p>\n<p>&#8211; optymalizacji dzia\u0142ania stron internetowych, na podstawie art. 6 ust. 1 lit. f RODO<\/p>\n<p>&#8211; badanie i analizowanie aktywno\u015bci na stronie www, na podstawie art. 6 ust. 1 lit. f RODO<\/p>\n<p>&#8211; monitorowania ruchu oraz zapewnienia prawid\u0142owego dzia\u0142ania stron internetowych, na podstawie art. 6 ust. 1 lit. f RODO<\/p>\n<p>&#8211; poprawy komfortu korzystania ze stron internetowych, na podstawie art. 6 ust. 1 lit. f RODO<\/p>\n<p>&#8211; zapewnienia bezpiecze\u0144stwa korzystania ze stron internetowych, na podstawie art. 6 ust. 1 lit. f RODO<\/p>\n<p><strong>\u00a0<\/strong><\/p>\n<p><strong>Okres przetwarzania danych osobowych<\/strong><\/p>\n<p>Twoje dane osobowe w zwi\u0105zku z realizacj\u0105 \u0142\u0105cz\u0105cych nas um\u00f3w b\u0119d\u0105 przez nas przetwarzane przez czas obowi\u0105zywania tych um\u00f3w, a nast\u0119pnie przez czas niezb\u0119dny do wype\u0142nienia obowi\u0105zk\u00f3w prawnych na nas ci\u0105\u017c\u0105cych okre\u015blonych w przepisach prawnych.<\/p>\n<p>Twoje dane osobowe przetwarzane przez nas w celu realizacji naszych prawnie uzasadnionych interes\u00f3w b\u0119d\u0105 przetwarzane do czasu istnienia celu przetwarzania, nie d\u0142u\u017cej jednak ni\u017c do czasu wniesienia skutecznego sprzeciwu.<\/p>\n<p>Twoje dane osobowe przetwarzane na podstawie wyra\u017conej przez Ciebie zgody b\u0119d\u0105 przez nas przetwarzane do czasu jej wycofania.<\/p>\n<p><strong>\u00a0<\/strong><\/p>\n<p><strong>Odbiorcy danych osobowych<\/strong><\/p>\n<p>Odbiorcami Twoich danych osobowych mog\u0105 by\u0107 wy\u0142\u0105cznie zaufane podmioty wspieraj\u0105ce nas w realizacji naszych us\u0142ug i w granicach prawa powszechnie obowi\u0105zuj\u0105cego, podmioty gwarantuj\u0105ce bezpiecze\u0144stwo przetwarzania danych osobowych. Mog\u0105 to by\u0107 podmioty z bran\u017cy IT, \u015bwiadcz\u0105ce us\u0142ugi administracyjne, doradcze, prawne, pocztowe i kurierskie, a tak\u017ce inni kontrahenci kt\u00f3rzy \u015bwiadcz\u0105 us\u0142ugi na rzecz Administratora.<\/p>\n<p><strong>Wym\u00f3g podania danych osobowych<\/strong><\/p>\n<p>Podanie przez Ciebie danych osobowych jest dobrowolne aczkolwiek konieczne do nawi\u0105zania wsp\u00f3\u0142pracy, otrzymania odpowiedzi na skierowane zapytanie, zapoznania si\u0119 z tre\u015bci\u0105 stron www.<\/p>\n<p><strong>Prawa przys\u0142uguj\u0105ce podmiotom danych<\/strong><\/p>\n<p>Informujemy, i\u017c przys\u0142uguje Tobie prawo \u017c\u0105dania od Administratora:<\/p>\n<ol>\n<li>Dost\u0119pu do danych osobowych.<\/li>\n<li>Sprostowania danych osobowych.<\/li>\n<li>Usuni\u0119cia danych osobowych.<\/li>\n<li>Ograniczenia przetwarzania danych osobowych.<\/li>\n<li>Przeniesienia danych osobowych.<\/li>\n<li><u>Sprzeciwu wobec przetwarzania danych (gdy przetwarzanie danych odbywa si\u0119 na podstawie uzasadnionego interesu Administratora danych).<\/u><\/li>\n<li>Cofni\u0119cia zgody na przetwarzanie danych osobowych w dowolnym momencie bez wp\u0142ywu na zgodno\u015b\u0107 z prawem przetwarzania, kt\u00f3rego dokonano na podstawie zgody przed jej cofni\u0119ciem (dotyczy przypadk\u00f3w, gdy przetwarzanie odbywa si\u0119 na podstawie zgody).<\/li>\n<\/ol>\n<p>W celu realizacji przys\u0142uguj\u0105cych praw prosimy o przes\u0142anie \u017c\u0105dania na adres: <a href=\"mailto:iod@ratium.com.pl\">iod@ratium.com.pl<\/a><\/p>\n<p>Przys\u0142uguje Tobie r\u00f3wnie\u017c prawo wniesienia skargi do Prezesa Urz\u0119du Ochrony Danych Osobowych.<\/p>\n<p><strong>Pliki cookies<\/strong><\/p>\n<p>Strona www nie zbiera w spos\u00f3b automatyczny \u017cadnych informacji, z wyj\u0105tkiem informacji zawartych w plikach cookies.<\/p>\n<p>Pliki cookies (tzw. \u201eciasteczka\u201d) to niewielkie informacje tekstowe, wysy\u0142ane przez serwer www i zapisywane na komputerze, telefonie, tablecie, b\u0105d\u017a innym urz\u0105dzeniu U\u017cytkownika przeznaczone s\u0105 do u\u0142atwienia korzystania ze strony www. Podmiotem zamieszczaj\u0105cym na urz\u0105dzeniu ko\u0144cowym U\u017cytkownika strony www pliki cookies oraz uzyskuj\u0105cym do nich dost\u0119p jest Ratium Sp. z o.o.<\/p>\n<p>Nasza strona www wykorzystuje pliki cookies w celu rozpoznawania osobistych preferencji U\u017cytkownika. Innymi s\u0142owy stosowane przez serwis pliki cookies pozwalaj\u0105 na rozpoznanie komputera, telefonu, tableta lub innego urz\u0105dzenia U\u017cytkownika w czasie kolejnej wizyty na stronie www i maj\u0105 jedynie u\u0142atwia\u0107 korzystanie z niej.<\/p>\n<p>W ramach strony www stosowane s\u0105 dwa zasadnicze rodzaje plik\u00f3w cookies:<\/p>\n<ul>\n<li>sesyjne (session cookies) \u2013 s\u0105 plikami tymczasowymi, kt\u00f3re przechowywane s\u0105 w urz\u0105dzeniu ko\u0144cowym U\u017cytkownika do czasu opuszczenia strony internetowej lub wy\u0142\u0105czenia oprogramowania (przegl\u0105darki internetowej);<\/li>\n<li>sta\u0142e (persistent cookies) \u2013 s\u0105 plikami przechowywanymi w urz\u0105dzeniu ko\u0144cowym U\u017cytkownika przez czas okre\u015blony w parametrach plik\u00f3w cookies lub do czasu ich usuni\u0119cia przez U\u017cytkownika;<\/li>\n<li>niezb\u0119dne pliki cookies \u2013 umo\u017cliwiaj\u0105 korzystanie z us\u0142ug dost\u0119pnych na stronie www, np. uwierzytelniaj\u0105ce pliki cookies wykorzystywane do us\u0142ug wymagaj\u0105cych uwierzytelniania w ramach strony www. Mog\u0105 s\u0142u\u017cy\u0107 do zapewnienia bezpiecze\u0144stwa, np. wykrywanie nadu\u017cy\u0107 w zakresie uwierzytelniania.<\/li>\n<li>funkcjonalne pliki cookies \u2013 umo\u017cliwiaj\u0105ce \u201ezapami\u0119tanie\u201d wybranych przez U\u017cytkownika ustawie\u0144 i personalizacj\u0119 interfejsu U\u017cytkownika, np. w zakresie wybranego j\u0119zyka lub regionu, z kt\u00f3rego pochodzi U\u017cytkownik, rozmiaru czcionki, wygl\u0105du strony internetowej itp.;<\/li>\n<li>biznesowe pliki cookies \u2013 umo\u017cliwiaj\u0105ce dostarczanie U\u017cytkownikom tre\u015bci reklamowych bardziej dostosowanych do ich zainteresowa\u0144. Umo\u017cliwiaj\u0105 tak\u017ce zbieranie informacji o sposobie korzystania ze strony www i preferencjach z tym zwi\u0105zanych. Przyk\u0142adowo mo\u017cna analizowa\u0107 cz\u0119stotliwo\u015b\u0107 i liczb\u0119 odwiedzin strony www.<\/li>\n<\/ul>\n<p>W wielu przypadkach oprogramowanie s\u0142u\u017c\u0105ce do przegl\u0105dania stron internetowych (przegl\u0105darka internetowa) domy\u015blnie dopuszcza przechowywanie plik\u00f3w cookies w urz\u0105dzeniu ko\u0144cowym U\u017cytkownika.<\/p>\n<p>U\u017cytkownicy strony www mog\u0105 dokona\u0107 w ka\u017cdym czasie zmiany ustawie\u0144 dotycz\u0105cych plik\u00f3w cookies. Ustawienia te mog\u0105 zosta\u0107 zmienione w szczeg\u00f3lno\u015bci w taki spos\u00f3b, aby blokowa\u0107 automatyczn\u0105 obs\u0142ug\u0119 plik\u00f3w cookies w ustawieniach przegl\u0105darki internetowej b\u0105d\u017a informowa\u0107 o ich ka\u017cdorazowym zamieszczeniu w urz\u0105dzeniu U\u017cytkownika strony www. Szczeg\u00f3\u0142owe informacje o sposobie obs\u0142ugi plik\u00f3w cookies dost\u0119pne s\u0105 w ustawieniach u\u017cywanej przegl\u0105darki internetowej.<\/p>\n<p>Ratium Sp. z o.o. informuje, i\u017c wy\u0142\u0105czenie stosowania plik\u00f3w cookies mo\u017ce wp\u0142yn\u0105\u0107 na niekt\u00f3re funkcjonalno\u015bci dost\u0119pne w serwisie internetowym.<\/p>\n<p>Pliki cookies zamieszczane w urz\u0105dzeniu ko\u0144cowym U\u017cytkownika strony www mog\u0105 by\u0107 r\u00f3wnie\u017c wykorzystywane przez wsp\u00f3\u0142pracuj\u0105cych z operatorem strony www partner\u00f3w.<\/p>\n<p><strong>Postanowienia ko\u0144cowe<\/strong><\/p>\n<p>W zakresie nieuregulowanym niniejsz\u0105 Polityk\u0105 prywatno\u015bci obowi\u0105zuj\u0105 przepisy z zakresu ochrony danych osobowych.<\/p>\n<p>Zastrzegamy sobie prawo do wprowadzania zmian w niniejszej Polityce prywatno\u015bci przez odpowiedni\u0105 jej modyfikacj\u0119. Wszelkie zmiany nie b\u0119d\u0105 jednak narusza\u0142y podstawowych zasad bezpiecze\u0144stwa i prywatno\u015bci podmiot\u00f3w danych.<\/p>\n<p>Niniejsza Polityka prywatno\u015bci obowi\u0105zuje od dnia 21 wrze\u015bnia 2020.<\/p>\n","protected":false},"excerpt":{"rendered":"<p>Polityka Prywatno\u015bci Ratium Sp. z o.o. przyk\u0142ada du\u017c\u0105 wag\u0119 do ochrony i poszanowania prywatno\u015bci. Niniejsza polityka prywatno\u015bci informuje, jak przetwarzamy dane osobowe. Dotyczy ona klient\u00f3w Ratium Sp. z o.o. oraz u\u017cytkownik\u00f3w stron internetowych, a tak\u017ce os\u00f3b ubiegaj\u0105cych si\u0119 o zatrudnienie&#8230;.<\/p>\n","protected":false},"author":2,"featured_media":0,"parent":0,"menu_order":0,"comment_status":"closed","ping_status":"closed","template":"","meta":{"footnotes":""},"class_list":["post-3741","page","type-page","status-publish","hentry"],"translation":{"provider":"WPGlobus","version":"3.0.2","language":"en","enabled_languages":["pl","en"],"languages":{"pl":{"title":true,"content":true,"excerpt":false},"en":{"title":false,"content":false,"excerpt":false}}},"aioseo_notices":[],"_links":{"self":[{"href":"https:\/\/ratium.com.pl\/en\/wp-json\/wp\/v2\/pages\/3741","targetHints":{"allow":["GET"]}}],"collection":[{"href":"https:\/\/ratium.com.pl\/en\/wp-json\/wp\/v2\/pages"}],"about":[{"href":"https:\/\/ratium.com.pl\/en\/wp-json\/wp\/v2\/types\/page"}],"author":[{"embeddable":true,"href":"https:\/\/ratium.com.pl\/en\/wp-json\/wp\/v2\/users\/2"}],"replies":[{"embeddable":true,"href":"https:\/\/ratium.com.pl\/en\/wp-json\/wp\/v2\/comments?post=3741"}],"version-history":[{"count":4,"href":"https:\/\/ratium.com.pl\/en\/wp-json\/wp\/v2\/pages\/3741\/revisions"}],"predecessor-version":[{"id":3760,"href":"https:\/\/ratium.com.pl\/en\/wp-json\/wp\/v2\/pages\/3741\/revisions\/3760"}],"wp:attachment":[{"href":"https:\/\/ratium.com.pl\/en\/wp-json\/wp\/v2\/media?parent=3741"}],"curies":[{"name":"wp","href":"https:\/\/api.w.org\/{rel}","templated":true}]}}